{"id":802,"date":"2025-09-11T11:47:17","date_gmt":"2025-09-11T11:47:17","guid":{"rendered":"https:\/\/tactical-supplements.be\/shop\/non%20class\u00e9\/canteen-insulated-shaker\/"},"modified":"2026-02-08T19:16:46","modified_gmt":"2026-02-08T19:16:46","slug":"canteen-shaker-isotherme-noir","status":"publish","type":"product","link":"https:\/\/tactical-supplements.be\/fr\/shop\/marchandise\/canteen-shaker-isotherme-noir\/","title":{"rendered":"CANTEEN shaker isotherme noir"},"content":{"rendered":"<p>Restez au frais toute la journ\u00e9e. Personne n&rsquo;a envie d&rsquo;un shake prot\u00e9in\u00e9 chaud. Avec ce shaker en acier \u00e0 double paroi isol\u00e9e de Tactical Supplements, votre boisson restera glac\u00e9e jusqu&rsquo;\u00e0 6 heures. \u00c0 l&rsquo;int\u00e9rieur, vous trouverez des graduations en millilitres et en onces, ainsi qu&rsquo;un fond incurv\u00e9 qui emp\u00eache la poudre de prot\u00e9ines de coller et facilite le nettoyage.<\/p>\n<p>Ce shaker en acier inoxydable est un shaker r\u00e9sistant. L&rsquo;acier inoxydable robuste et sans danger pour les aliments est extr\u00eamement durable et hygi\u00e9nique. Il est l\u00e9ger, mais con\u00e7u pour durer. Gr\u00e2ce \u00e0 son couvercle \u00e9tanche et \u00e0 sa poign\u00e9e souple, ce shaker s&rsquo;int\u00e8gre parfaitement \u00e0 votre mode de vie sain.<\/p>\n<p>CANTEEN INSULATED SHAKER en collaboration avec <a href=\"https:\/\/smartshake.com\/\" target=\"_blank\" rel=\"noopener\">Smartshake<\/a>.<\/p>\n","protected":false},"excerpt":{"rendered":"<p><strong>Test\u00e9 au combat<\/strong><br \/>\nConception durable pour une utilisation pendant dix ans ou plus. Parois en acier inoxydable 18\/8 professionnel et durable.<\/p>\n<p><strong>Restez au frais<\/strong><br \/>\nLa double paroi \u00e0 isolation sous vide maintient la temp\u00e9rature jusqu&rsquo;\u00e0 6 heures.<\/p>\n<p><strong>Sans fuite<\/strong><br \/>\nGaranti \u00e0 100 % par notre garantie Smartshake\u2122.<\/p>\n<p><strong>Confortable et l\u00e9ger<\/strong><br \/>\nNe p\u00e8se que 170 grammes.<\/p>\n<p><strong>Graduation grav\u00e9e<\/strong><br \/>\nGraduation grav\u00e9e \u00e0 l&rsquo;int\u00e9rieur de la bouteille.<\/p>\n","protected":false},"featured_media":803,"template":"","meta":{"_acf_changed":false,"wds_primary_product_brand":0,"wds_primary_product_cat":0},"product_brand":[],"product_cat":[70],"product_tag":[],"class_list":{"0":"post-802","1":"product","2":"type-product","3":"status-publish","4":"has-post-thumbnail","6":"product_cat-marchandise","8":"first","9":"instock","10":"taxable","11":"shipping-taxable","12":"purchasable","13":"product-type-simple"},"acf":[],"_links":{"self":[{"href":"https:\/\/tactical-supplements.be\/fr\/wp-json\/wp\/v2\/product\/802","targetHints":{"allow":["GET"]}}],"collection":[{"href":"https:\/\/tactical-supplements.be\/fr\/wp-json\/wp\/v2\/product"}],"about":[{"href":"https:\/\/tactical-supplements.be\/fr\/wp-json\/wp\/v2\/types\/product"}],"wp:featuredmedia":[{"embeddable":true,"href":"https:\/\/tactical-supplements.be\/fr\/wp-json\/wp\/v2\/media\/803"}],"wp:attachment":[{"href":"https:\/\/tactical-supplements.be\/fr\/wp-json\/wp\/v2\/media?parent=802"}],"wp:term":[{"taxonomy":"product_brand","embeddable":true,"href":"https:\/\/tactical-supplements.be\/fr\/wp-json\/wp\/v2\/product_brand?post=802"},{"taxonomy":"product_cat","embeddable":true,"href":"https:\/\/tactical-supplements.be\/fr\/wp-json\/wp\/v2\/product_cat?post=802"},{"taxonomy":"product_tag","embeddable":true,"href":"https:\/\/tactical-supplements.be\/fr\/wp-json\/wp\/v2\/product_tag?post=802"}],"curies":[{"name":"wp","href":"https:\/\/api.w.org\/{rel}","templated":true}]}}