{"id":781,"date":"2025-09-10T09:46:02","date_gmt":"2025-09-10T09:46:02","guid":{"rendered":"https:\/\/tactical-supplements.be\/shop\/non%20class\u00e9\/reload-magnesium-tablets-60-tablets\/"},"modified":"2025-10-03T09:44:16","modified_gmt":"2025-10-03T09:44:16","slug":"reload-magnesium-tablets-60-tablets","status":"publish","type":"product","link":"https:\/\/tactical-supplements.be\/fr\/shop\/complements-alimentaires\/reload-magnesium-tablets-60-tablets\/","title":{"rendered":"Reload magnesium tablets 60 tablets"},"content":{"rendered":"<p>RELOAD MAGNESIUM TABLET contient du magn\u00e9sium, n\u00e9cessaire au m\u00e9tabolisme \u00e9nerg\u00e9tique de l&rsquo;organisme, \u00e0 la transmission des impulsions nerveuses et au bon fonctionnement des muscles.<\/p>\n","protected":false},"excerpt":{"rendered":"<p>Premium magnesium tablets<\/p>\n","protected":false},"featured_media":615,"template":"","meta":{"_acf_changed":false,"wds_primary_product_brand":0,"wds_primary_product_cat":0},"product_brand":[],"product_cat":[72],"product_tag":[92],"class_list":{"0":"post-781","1":"product","2":"type-product","3":"status-publish","4":"has-post-thumbnail","6":"product_cat-complements-alimentaires","7":"product_tag-mineraux","9":"first","10":"outofstock","11":"taxable","12":"shipping-taxable","13":"purchasable","14":"product-type-simple"},"acf":[],"_links":{"self":[{"href":"https:\/\/tactical-supplements.be\/fr\/wp-json\/wp\/v2\/product\/781","targetHints":{"allow":["GET"]}}],"collection":[{"href":"https:\/\/tactical-supplements.be\/fr\/wp-json\/wp\/v2\/product"}],"about":[{"href":"https:\/\/tactical-supplements.be\/fr\/wp-json\/wp\/v2\/types\/product"}],"wp:featuredmedia":[{"embeddable":true,"href":"https:\/\/tactical-supplements.be\/fr\/wp-json\/wp\/v2\/media\/615"}],"wp:attachment":[{"href":"https:\/\/tactical-supplements.be\/fr\/wp-json\/wp\/v2\/media?parent=781"}],"wp:term":[{"taxonomy":"product_brand","embeddable":true,"href":"https:\/\/tactical-supplements.be\/fr\/wp-json\/wp\/v2\/product_brand?post=781"},{"taxonomy":"product_cat","embeddable":true,"href":"https:\/\/tactical-supplements.be\/fr\/wp-json\/wp\/v2\/product_cat?post=781"},{"taxonomy":"product_tag","embeddable":true,"href":"https:\/\/tactical-supplements.be\/fr\/wp-json\/wp\/v2\/product_tag?post=781"}],"curies":[{"name":"wp","href":"https:\/\/api.w.org\/{rel}","templated":true}]}}