{"id":771,"date":"2025-09-09T15:52:18","date_gmt":"2025-09-09T15:52:18","guid":{"rendered":"https:\/\/tactical-supplements.be\/shop\/non%20class\u00e9\/contact-creatine-monohydrate-powder-300g\/"},"modified":"2026-02-08T22:33:38","modified_gmt":"2026-02-08T22:33:38","slug":"contact-creatine-monohydrate-powder-300g","status":"publish","type":"product","link":"https:\/\/tactical-supplements.be\/fr\/shop\/complements-alimentaires\/contact-creatine-monohydrate-powder-300g\/","title":{"rendered":"Contact Creatine monohydrate powder 300g"},"content":{"rendered":"<p>CONTACT CREATINE est compos\u00e9 de monohydrate de cr\u00e9atine. La cr\u00e9atine peut \u00eatre consomm\u00e9e avec du jus ou de l&rsquo;eau. La cr\u00e9atine ne contient aucun ar\u00f4me. Favorise le d\u00e9veloppement de la force et stimule la croissance musculaire. R\u00e9cup\u00e9rez plus rapidement et tirez le maximum de vos missions et entra\u00eenements.<\/p>\n","protected":false},"excerpt":{"rendered":"<p>Premium Creatine monohydrate powder drink mix<\/p>\n","protected":false},"featured_media":772,"template":"","meta":{"_acf_changed":false,"wds_primary_product_brand":0,"wds_primary_product_cat":0},"product_brand":[],"product_cat":[72],"product_tag":[],"class_list":{"0":"post-771","1":"product","2":"type-product","3":"status-publish","4":"has-post-thumbnail","6":"product_cat-complements-alimentaires","8":"first","9":"instock","10":"taxable","11":"shipping-taxable","12":"purchasable","13":"product-type-simple"},"acf":[],"_links":{"self":[{"href":"https:\/\/tactical-supplements.be\/fr\/wp-json\/wp\/v2\/product\/771","targetHints":{"allow":["GET"]}}],"collection":[{"href":"https:\/\/tactical-supplements.be\/fr\/wp-json\/wp\/v2\/product"}],"about":[{"href":"https:\/\/tactical-supplements.be\/fr\/wp-json\/wp\/v2\/types\/product"}],"wp:featuredmedia":[{"embeddable":true,"href":"https:\/\/tactical-supplements.be\/fr\/wp-json\/wp\/v2\/media\/772"}],"wp:attachment":[{"href":"https:\/\/tactical-supplements.be\/fr\/wp-json\/wp\/v2\/media?parent=771"}],"wp:term":[{"taxonomy":"product_brand","embeddable":true,"href":"https:\/\/tactical-supplements.be\/fr\/wp-json\/wp\/v2\/product_brand?post=771"},{"taxonomy":"product_cat","embeddable":true,"href":"https:\/\/tactical-supplements.be\/fr\/wp-json\/wp\/v2\/product_cat?post=771"},{"taxonomy":"product_tag","embeddable":true,"href":"https:\/\/tactical-supplements.be\/fr\/wp-json\/wp\/v2\/product_tag?post=771"}],"curies":[{"name":"wp","href":"https:\/\/api.w.org\/{rel}","templated":true}]}}