{"id":762,"date":"2025-09-09T15:27:51","date_gmt":"2025-09-09T15:27:51","guid":{"rendered":"https:\/\/tactical-supplements.be\/shop\/non%20class\u00e9\/battle-bcaa-brance-chain-amino-acids-powder-500g\/"},"modified":"2026-02-08T23:32:42","modified_gmt":"2026-02-08T23:32:42","slug":"battle-bcaa-brance-chain-amino-acids-powder-500g","status":"publish","type":"product","link":"https:\/\/tactical-supplements.be\/fr\/shop\/complements-alimentaires\/battle-bcaa-brance-chain-amino-acids-powder-500g\/","title":{"rendered":"Battle BCAA brance chain amino acids powder 500g"},"content":{"rendered":"<p>BATTLE BCAA se compose de diff\u00e9rents ingr\u00e9dients qui soutiennent l&rsquo;entra\u00eenement et r\u00e9duisent la fatigue. Le BCAA peut \u00eatre consomm\u00e9 avec de l&rsquo;eau. R\u00e9cup\u00e9rez plus rapidement et tirez le maximum de vos missions et de vos entra\u00eenements.<\/p>\n<p>BATTLE BCAA est disponible en 2 saveurs : citron sucr\u00e9 et framboise.<\/p>\n","protected":false},"excerpt":{"rendered":"<p>Premium brance chain amino acids powder drink mix<\/p>\n","protected":false},"featured_media":764,"template":"","meta":{"_acf_changed":false,"wds_primary_product_brand":0,"wds_primary_product_cat":0},"product_brand":[],"product_cat":[72],"product_tag":[86,94],"class_list":{"0":"post-762","1":"product","2":"type-product","3":"status-publish","4":"has-post-thumbnail","6":"product_cat-complements-alimentaires","7":"product_tag-citron-doux","8":"product_tag-framboise","10":"first","11":"instock","12":"taxable","13":"shipping-taxable","14":"purchasable","15":"product-type-variable","16":"has-default-attributes"},"acf":[],"_links":{"self":[{"href":"https:\/\/tactical-supplements.be\/fr\/wp-json\/wp\/v2\/product\/762","targetHints":{"allow":["GET"]}}],"collection":[{"href":"https:\/\/tactical-supplements.be\/fr\/wp-json\/wp\/v2\/product"}],"about":[{"href":"https:\/\/tactical-supplements.be\/fr\/wp-json\/wp\/v2\/types\/product"}],"wp:featuredmedia":[{"embeddable":true,"href":"https:\/\/tactical-supplements.be\/fr\/wp-json\/wp\/v2\/media\/764"}],"wp:attachment":[{"href":"https:\/\/tactical-supplements.be\/fr\/wp-json\/wp\/v2\/media?parent=762"}],"wp:term":[{"taxonomy":"product_brand","embeddable":true,"href":"https:\/\/tactical-supplements.be\/fr\/wp-json\/wp\/v2\/product_brand?post=762"},{"taxonomy":"product_cat","embeddable":true,"href":"https:\/\/tactical-supplements.be\/fr\/wp-json\/wp\/v2\/product_cat?post=762"},{"taxonomy":"product_tag","embeddable":true,"href":"https:\/\/tactical-supplements.be\/fr\/wp-json\/wp\/v2\/product_tag?post=762"}],"curies":[{"name":"wp","href":"https:\/\/api.w.org\/{rel}","templated":true}]}}