{"id":748,"date":"2025-09-09T15:00:39","date_gmt":"2025-09-09T15:00:39","guid":{"rendered":"https:\/\/tactical-supplements.be\/shop\/non%20class\u00e9\/mission-pre-workout-powder-300g\/"},"modified":"2026-02-08T23:07:41","modified_gmt":"2026-02-08T23:07:41","slug":"mission-pre-workout-powder-300g","status":"publish","type":"product","link":"https:\/\/tactical-supplements.be\/fr\/shop\/complements-alimentaires\/mission-pre-workout-powder-300g\/","title":{"rendered":"Mission Pre-Workout powder 300g"},"content":{"rendered":"<p>MISSION PRE-WORKOUT se compose de diff\u00e9rents ingr\u00e9dients qui stimulent l&rsquo;envie de s&rsquo;entra\u00eener et soutiennent l&rsquo;entra\u00eenement. Le pr\u00e9-entra\u00eenement peut \u00eatre consomm\u00e9 avec de l&rsquo;eau. R\u00e9cup\u00e9rez plus rapidement et tirez le meilleur parti de vos missions et de vos entra\u00eenements.<\/p>\n<p>MISSION PRE-WORKOUT disponible <span class=\"Y2IQFc\" lang=\"fr\">en 2 saveurs : myrtille et past\u00e8que-citron vert.<\/span><\/p>\n","protected":false},"excerpt":{"rendered":"<p>Premium pre-workout powder drink mix<\/p>\n","protected":false},"featured_media":750,"template":"","meta":{"_acf_changed":false,"wds_primary_product_brand":0,"wds_primary_product_cat":0},"product_brand":[],"product_cat":[72],"product_tag":[96,87],"class_list":{"0":"post-748","1":"product","2":"type-product","3":"status-publish","4":"has-post-thumbnail","6":"product_cat-complements-alimentaires","7":"product_tag-myrtille","8":"product_tag-pasteque-citron-vert","10":"first","11":"instock","12":"taxable","13":"shipping-taxable","14":"purchasable","15":"product-type-variable","16":"has-default-attributes"},"acf":[],"_links":{"self":[{"href":"https:\/\/tactical-supplements.be\/fr\/wp-json\/wp\/v2\/product\/748","targetHints":{"allow":["GET"]}}],"collection":[{"href":"https:\/\/tactical-supplements.be\/fr\/wp-json\/wp\/v2\/product"}],"about":[{"href":"https:\/\/tactical-supplements.be\/fr\/wp-json\/wp\/v2\/types\/product"}],"wp:featuredmedia":[{"embeddable":true,"href":"https:\/\/tactical-supplements.be\/fr\/wp-json\/wp\/v2\/media\/750"}],"wp:attachment":[{"href":"https:\/\/tactical-supplements.be\/fr\/wp-json\/wp\/v2\/media?parent=748"}],"wp:term":[{"taxonomy":"product_brand","embeddable":true,"href":"https:\/\/tactical-supplements.be\/fr\/wp-json\/wp\/v2\/product_brand?post=748"},{"taxonomy":"product_cat","embeddable":true,"href":"https:\/\/tactical-supplements.be\/fr\/wp-json\/wp\/v2\/product_cat?post=748"},{"taxonomy":"product_tag","embeddable":true,"href":"https:\/\/tactical-supplements.be\/fr\/wp-json\/wp\/v2\/product_tag?post=748"}],"curies":[{"name":"wp","href":"https:\/\/api.w.org\/{rel}","templated":true}]}}