{"id":734,"date":"2025-09-09T14:59:30","date_gmt":"2025-09-09T14:59:30","guid":{"rendered":"https:\/\/tactical-supplements.be\/shop\/non%20class\u00e9\/combat-iso-isolate-high-protein-powder-750g\/"},"modified":"2026-02-08T21:01:34","modified_gmt":"2026-02-08T21:01:34","slug":"combat-iso-isolate-high-protein-powder-750g","status":"publish","type":"product","link":"https:\/\/tactical-supplements.be\/fr\/shop\/complements-alimentaires\/combat-iso-isolate-high-protein-powder-750g\/","title":{"rendered":"Combat ISO Isolate high protein powder 750g"},"content":{"rendered":"<p>COMBAT ISO est compos\u00e9 d\u2019isolat de lactos\u00e9rum et est riche en acides amin\u00e9s, dont les BCAA. Riche en prot\u00e9ines, ce shake peut \u00eatre consomm\u00e9 avec du lait (v\u00e9g\u00e9talien) ou de l\u2019eau. Facile \u00e0 dig\u00e9rer, il contient des ar\u00f4mes naturels. R\u00e9cup\u00e9rez plus rapidement, renforcez votre syst\u00e8me immunitaire et tirez le meilleur parti de vos missions et de vos entra\u00eenements.<\/p>\n<p>COMBAT ISO est disponible en deux saveurs: fraise et vanille.<\/p>\n","protected":false},"excerpt":{"rendered":"<p>Premium isolate high protein powder drink mix<\/p>\n","protected":false},"featured_media":735,"template":"","meta":{"_acf_changed":false,"wds_primary_product_brand":0,"wds_primary_product_cat":0},"product_brand":[],"product_cat":[72],"product_tag":[98,90],"class_list":{"0":"post-734","1":"product","2":"type-product","3":"status-publish","4":"has-post-thumbnail","6":"product_cat-complements-alimentaires","7":"product_tag-fraise","8":"product_tag-vanille","10":"first","11":"instock","12":"taxable","13":"shipping-taxable","14":"purchasable","15":"product-type-variable","16":"has-default-attributes"},"acf":[],"_links":{"self":[{"href":"https:\/\/tactical-supplements.be\/fr\/wp-json\/wp\/v2\/product\/734","targetHints":{"allow":["GET"]}}],"collection":[{"href":"https:\/\/tactical-supplements.be\/fr\/wp-json\/wp\/v2\/product"}],"about":[{"href":"https:\/\/tactical-supplements.be\/fr\/wp-json\/wp\/v2\/types\/product"}],"wp:featuredmedia":[{"embeddable":true,"href":"https:\/\/tactical-supplements.be\/fr\/wp-json\/wp\/v2\/media\/735"}],"wp:attachment":[{"href":"https:\/\/tactical-supplements.be\/fr\/wp-json\/wp\/v2\/media?parent=734"}],"wp:term":[{"taxonomy":"product_brand","embeddable":true,"href":"https:\/\/tactical-supplements.be\/fr\/wp-json\/wp\/v2\/product_brand?post=734"},{"taxonomy":"product_cat","embeddable":true,"href":"https:\/\/tactical-supplements.be\/fr\/wp-json\/wp\/v2\/product_cat?post=734"},{"taxonomy":"product_tag","embeddable":true,"href":"https:\/\/tactical-supplements.be\/fr\/wp-json\/wp\/v2\/product_tag?post=734"}],"curies":[{"name":"wp","href":"https:\/\/api.w.org\/{rel}","templated":true}]}}