{"id":718,"date":"2025-09-09T13:28:42","date_gmt":"2025-09-09T13:28:42","guid":{"rendered":"https:\/\/tactical-supplements.be\/de\/shop\/non%20class\u00e9\/duty-clear-whey-high-protein-powder-500g\/"},"modified":"2026-02-08T21:03:40","modified_gmt":"2026-02-08T21:03:40","slug":"duty-clear-whey-high-protein-powder-500g","status":"publish","type":"product","link":"https:\/\/tactical-supplements.be\/fr\/shop\/complements-alimentaires\/duty-clear-whey-high-protein-powder-500g\/","title":{"rendered":"Duty Clear Whey high protein powder 500g"},"content":{"rendered":"<p>DUTY CLEAR WHEY compos\u00e9 d&rsquo;isolat de lactos\u00e9rum, il est riche en acides amin\u00e9s, notamment en BCAA. Ce shake riche en prot\u00e9ines peut \u00eatre consomm\u00e9 avec de l&rsquo;eau. Il est facile \u00e0 dig\u00e9rer et contient des ar\u00f4mes naturels. R\u00e9cup\u00e9rez plus rapidement, renforcez votre syst\u00e8me immunitaire et tirez le meilleur parti de vos missions et de vos entra\u00eenements.<\/p>\n<p>DUTY CLEAR WHEY est disponible en 2 saveurs : mangue-fruit de la passion et p\u00eache.<\/p>\n","protected":false},"excerpt":{"rendered":"<p>Premium clear whey high protein powder drink mix<\/p>\n","protected":false},"featured_media":722,"template":"","meta":{"_acf_changed":false,"wds_primary_product_brand":0,"wds_primary_product_cat":0},"product_brand":[],"product_cat":[72],"product_tag":[93,91],"class_list":{"0":"post-718","1":"product","2":"type-product","3":"status-publish","4":"has-post-thumbnail","6":"product_cat-complements-alimentaires","7":"product_tag-mangue-fruit-de-la-passion","8":"product_tag-peche","10":"first","11":"instock","12":"taxable","13":"shipping-taxable","14":"purchasable","15":"product-type-variable","16":"has-default-attributes"},"acf":[],"_links":{"self":[{"href":"https:\/\/tactical-supplements.be\/fr\/wp-json\/wp\/v2\/product\/718","targetHints":{"allow":["GET"]}}],"collection":[{"href":"https:\/\/tactical-supplements.be\/fr\/wp-json\/wp\/v2\/product"}],"about":[{"href":"https:\/\/tactical-supplements.be\/fr\/wp-json\/wp\/v2\/types\/product"}],"wp:featuredmedia":[{"embeddable":true,"href":"https:\/\/tactical-supplements.be\/fr\/wp-json\/wp\/v2\/media\/722"}],"wp:attachment":[{"href":"https:\/\/tactical-supplements.be\/fr\/wp-json\/wp\/v2\/media?parent=718"}],"wp:term":[{"taxonomy":"product_brand","embeddable":true,"href":"https:\/\/tactical-supplements.be\/fr\/wp-json\/wp\/v2\/product_brand?post=718"},{"taxonomy":"product_cat","embeddable":true,"href":"https:\/\/tactical-supplements.be\/fr\/wp-json\/wp\/v2\/product_cat?post=718"},{"taxonomy":"product_tag","embeddable":true,"href":"https:\/\/tactical-supplements.be\/fr\/wp-json\/wp\/v2\/product_tag?post=718"}],"curies":[{"name":"wp","href":"https:\/\/api.w.org\/{rel}","templated":true}]}}