{"id":671,"date":"2025-06-19T13:49:15","date_gmt":"2025-06-19T13:49:15","guid":{"rendered":"https:\/\/tactical-supplements.be\/?post_type=product&#038;p=671"},"modified":"2026-02-08T20:36:48","modified_gmt":"2026-02-08T20:36:48","slug":"operator-whey-poudre-de-lactoserum-1000-g","status":"publish","type":"product","link":"https:\/\/tactical-supplements.be\/fr\/shop\/complements-alimentaires\/operator-whey-poudre-de-lactoserum-1000-g\/","title":{"rendered":"Operator Whey protein powder 1000g"},"content":{"rendered":"<p>OPERATOR WHEY est compos\u00e9 de concentr\u00e9 de lactos\u00e9rum et est riche en acides amin\u00e9s, y compris les BCAA. Ce shake est d\u00e9licieusement cr\u00e9meux et peut \u00eatre consomm\u00e9 aussi bien avec du lait (v\u00e9g\u00e9tal) qu&rsquo;avec de l&rsquo;eau. Il est facile \u00e0 dig\u00e9rer et contient des ar\u00f4mes naturels. R\u00e9cup\u00e9rez plus rapidement, renforcez votre syst\u00e8me immunitaire et tirez le meilleur parti de vos missions et de vos entra\u00eenements.<\/p>\n<p>OPERATOR WHEY est disponible en 3 saveurs : banane, chocolat et g\u00e2teau \u00e0 la vanille.<\/p>\n","protected":false},"excerpt":{"rendered":"<p>Premium high protein powder drink mix<\/p>\n","protected":false},"featured_media":672,"template":"","meta":{"_acf_changed":false,"wds_primary_product_brand":0,"wds_primary_product_cat":0},"product_brand":[],"product_cat":[72],"product_tag":[97,95,89],"class_list":{"0":"post-671","1":"product","2":"type-product","3":"status-publish","4":"has-post-thumbnail","6":"product_cat-complements-alimentaires","7":"product_tag-banane","8":"product_tag-chocolat","9":"product_tag-gateau-a-la-vanille","11":"first","12":"instock","13":"taxable","14":"shipping-taxable","15":"purchasable","16":"product-type-variable","17":"has-default-attributes"},"acf":[],"_links":{"self":[{"href":"https:\/\/tactical-supplements.be\/fr\/wp-json\/wp\/v2\/product\/671","targetHints":{"allow":["GET"]}}],"collection":[{"href":"https:\/\/tactical-supplements.be\/fr\/wp-json\/wp\/v2\/product"}],"about":[{"href":"https:\/\/tactical-supplements.be\/fr\/wp-json\/wp\/v2\/types\/product"}],"wp:featuredmedia":[{"embeddable":true,"href":"https:\/\/tactical-supplements.be\/fr\/wp-json\/wp\/v2\/media\/672"}],"wp:attachment":[{"href":"https:\/\/tactical-supplements.be\/fr\/wp-json\/wp\/v2\/media?parent=671"}],"wp:term":[{"taxonomy":"product_brand","embeddable":true,"href":"https:\/\/tactical-supplements.be\/fr\/wp-json\/wp\/v2\/product_brand?post=671"},{"taxonomy":"product_cat","embeddable":true,"href":"https:\/\/tactical-supplements.be\/fr\/wp-json\/wp\/v2\/product_cat?post=671"},{"taxonomy":"product_tag","embeddable":true,"href":"https:\/\/tactical-supplements.be\/fr\/wp-json\/wp\/v2\/product_tag?post=671"}],"curies":[{"name":"wp","href":"https:\/\/api.w.org\/{rel}","templated":true}]}}