{"id":786,"date":"2025-09-10T10:07:20","date_gmt":"2025-09-10T10:07:20","guid":{"rendered":"https:\/\/tactical-supplements.be\/vitaminen-en-mineralen\/"},"modified":"2025-10-03T09:23:26","modified_gmt":"2025-10-03T09:23:26","slug":"vitamines-et-mineraux","status":"publish","type":"page","link":"https:\/\/tactical-supplements.be\/fr\/vitamines-et-mineraux\/","title":{"rendered":"Vitamines et min\u00e9raux"},"content":{"rendered":"<h1>Vitamines et min\u00e9raux<\/h1>\n<div>\n<p>Les compl\u00e9ments alimentaires haut de gamme en vitamines et min\u00e9raux de Tactical Supplements ont \u00e9t\u00e9 d\u00e9velopp\u00e9s pour renforcer votre r\u00e9sistance, votre \u00e9nergie et votre r\u00e9cup\u00e9ration. Avec des produits tels que <strong>RELOAD<\/strong> (comprim\u00e9s de magn\u00e9sium) et <strong>AMMO<\/strong> (multivitamines), vous apportez \u00e0 votre corps le carburant n\u00e9cessaire pour rester fort, concentr\u00e9 et \u00e9quilibr\u00e9, m\u00eame dans les conditions les plus difficiles.<\/p>\n<p>Pour les professionnels exer\u00e7ant des m\u00e9tiers extr\u00eames, il est indispensable d&rsquo;avoir un corps fort et r\u00e9sistant. Les premiers intervenants (services de secours et de s\u00e9curit\u00e9), les militaires et les pompiers sont quotidiennement expos\u00e9s \u00e0 des d\u00e9fis physiques et mentaux qui exigent une vigilance maximale. Pour pouvoir continuer \u00e0 fournir ces performances de haut niveau, votre corps a besoin de nutriments essentiels.<\/p>\n<p>Optez pour des compl\u00e9ments alimentaires 100 % adapt\u00e9s aux besoins de ceux qui doivent toujours \u00eatre pr\u00eats \u00e0 intervenir.<\/p>\n<\/div>\n<p><!--more--><br \/>\n<!-- {\"type\":\"layout\",\"children\":[{\"type\":\"section\",\"props\":{\"image_position\":\"center-center\",\"style\":\"default\",\"title_breakpoint\":\"xl\",\"title_position\":\"top-left\",\"title_rotation\":\"left\",\"vertical_align\":\"middle\",\"width\":\"default\"},\"children\":[{\"type\":\"row\",\"props\":{\"layout\":\"1-3,2-3\"},\"children\":[{\"type\":\"column\",\"props\":{\"image_position\":\"center-center\",\"position_sticky_breakpoint\":\"m\",\"width_medium\":\"1-3\"},\"children\":[{\"type\":\"headline\",\"props\":{\"content\":\"Vitamines et min\\u00e9raux\",\"title_color\":\"danger\",\"title_element\":\"h1\",\"title_style\":\"heading-small\"}},{\"type\":\"text\",\"props\":{\"column_breakpoint\":\"m\",\"content\":\"\n\n<p>Les compl\\u00e9ments alimentaires haut de gamme en vitamines et min\\u00e9raux de Tactical Supplements ont \\u00e9t\\u00e9 d\\u00e9velopp\\u00e9s pour renforcer votre r\\u00e9sistance, votre \\u00e9nergie et votre r\\u00e9cup\\u00e9ration. Avec des produits tels que <strong>RELOAD<\\\/strong> (comprim\\u00e9s de magn\\u00e9sium) et <strong>AMMO<\\\/strong> (multivitamines), vous apportez \\u00e0 votre corps le carburant n\\u00e9cessaire pour rester fort, concentr\\u00e9 et \\u00e9quilibr\\u00e9, m\\u00eame dans les conditions les plus difficiles.<\\\/p>\\n\n\n<p>Pour les professionnels exer\\u00e7ant des m\\u00e9tiers extr\\u00eames, il est indispensable d'avoir un corps fort et r\\u00e9sistant. Les premiers intervenants (services de secours et de s\\u00e9curit\\u00e9), les militaires et les pompiers sont quotidiennement expos\\u00e9s \\u00e0 des d\\u00e9fis physiques et mentaux qui exigent une vigilance maximale. Pour pouvoir continuer \\u00e0 fournir ces performances de haut niveau, votre corps a besoin de nutriments essentiels.<\\\/p>\\n\n\n<p>Optez pour des compl\\u00e9ments alimentaires 100 % adapt\\u00e9s aux besoins de ceux qui doivent toujours \\u00eatre pr\\u00eats \\u00e0 intervenir.<\\\/p>\",\"margin\":\"default\"}}]},{\"type\":\"column\",\"props\":{\"image_position\":\"center-center\",\"position_sticky_breakpoint\":\"m\",\"width_medium\":\"2-3\"},\"children\":[{\"type\":\"woo_products\",\"props\":{\"cat_operator\":\"IN\",\"columns\":2,\"limit\":8,\"order\":\"desc\",\"orderby\":\"date\",\"paginate\":\"false\",\"product_visibility\":\"visible\",\"show_count\":true,\"show_ordering\":true,\"show_rating\":true,\"show_title\":true,\"tag\":\"vitamines, mineraux\",\"tag_operator\":\"IN\",\"terms_operator\":\"IN\",\"type\":\"products\"}}]}]}]},{\"name\":\"Footer sectie\",\"type\":\"section\",\"props\":{\"animation\":\"fade\",\"height\":\"viewport\",\"height_offset_top\":false,\"image_position\":\"center-center\",\"image_size\":\"cover\",\"media_overlay\":\"#000000\",\"media_overlay_parallax_opacity\":\"1 50%,0\",\"padding\":\"large\",\"padding_remove_bottom\":true,\"padding_remove_top\":false,\"sticky\":\"reveal\",\"style\":\"secondary\",\"title_breakpoint\":\"xl\",\"title_position\":\"top-left\",\"title_rotation\":\"left\",\"vertical_align\":\"bottom\",\"video\":\"wp-content\\\/uploads\\\/Splash-v1.mp4\",\"width\":\"\"},\"children\":[{\"type\":\"row\",\"props\":{\"margin\":\"remove-vertical\",\"margin_remove_top\":false,\"width\":\"expand\"},\"children\":[{\"type\":\"column\",\"props\":{\"image_position\":\"center-center\",\"position_sticky_breakpoint\":\"m\",\"vertical_align\":\"middle\"},\"children\":[{\"type\":\"module\",\"props\":{\"menu_image_align\":\"center\",\"menu_image_margin\":true,\"menu_style\":\"default\",\"menu_type\":\"nav\",\"type\":\"builderwidget\",\"widget\":\"builderwidget-4\"}}]}]}]}],\"version\":\"4.5.28\"} --><\/p>\n","protected":false},"excerpt":{"rendered":"<p>Vitamines et min\u00e9raux Les compl\u00e9ments alimentaires haut de gamme en vitamines et min\u00e9raux de Tactical Supplements ont \u00e9t\u00e9 d\u00e9velopp\u00e9s pour renforcer votre r\u00e9sistance, votre \u00e9nergie et votre r\u00e9cup\u00e9ration. Avec des produits tels que RELOAD (comprim\u00e9s de magn\u00e9sium) et AMMO (multivitamines), vous apportez \u00e0 votre corps le carburant n\u00e9cessaire pour rester fort, concentr\u00e9 et \u00e9quilibr\u00e9, m\u00eame [&hellip;]<\/p>\n","protected":false},"author":1,"featured_media":0,"parent":0,"menu_order":0,"comment_status":"closed","ping_status":"closed","template":"","meta":{"_acf_changed":false,"footnotes":""},"class_list":["post-786","page","type-page","status-publish","hentry"],"acf":[],"_links":{"self":[{"href":"https:\/\/tactical-supplements.be\/fr\/wp-json\/wp\/v2\/pages\/786","targetHints":{"allow":["GET"]}}],"collection":[{"href":"https:\/\/tactical-supplements.be\/fr\/wp-json\/wp\/v2\/pages"}],"about":[{"href":"https:\/\/tactical-supplements.be\/fr\/wp-json\/wp\/v2\/types\/page"}],"author":[{"embeddable":true,"href":"https:\/\/tactical-supplements.be\/fr\/wp-json\/wp\/v2\/users\/1"}],"replies":[{"embeddable":true,"href":"https:\/\/tactical-supplements.be\/fr\/wp-json\/wp\/v2\/comments?post=786"}],"version-history":[{"count":2,"href":"https:\/\/tactical-supplements.be\/fr\/wp-json\/wp\/v2\/pages\/786\/revisions"}],"predecessor-version":[{"id":791,"href":"https:\/\/tactical-supplements.be\/fr\/wp-json\/wp\/v2\/pages\/786\/revisions\/791"}],"wp:attachment":[{"href":"https:\/\/tactical-supplements.be\/fr\/wp-json\/wp\/v2\/media?parent=786"}],"curies":[{"name":"wp","href":"https:\/\/api.w.org\/{rel}","templated":true}]}}